{"id":356,"date":"2024-12-14T10:30:33","date_gmt":"2024-12-14T09:30:33","guid":{"rendered":"https:\/\/se7assistance.trezeideas.dev\/?page_id=356"},"modified":"2025-05-19T12:08:40","modified_gmt":"2025-05-19T10:08:40","slug":"talleres","status":"publish","type":"page","link":"https:\/\/setassistance.com\/en\/talleres\/","title":{"rendered":"Workshops"},"content":{"rendered":"<div data-elementor-type=\"wp-page\" data-elementor-id=\"356\" class=\"elementor elementor-356\" data-elementor-post-type=\"page\">\n\t\t\t\t<div class=\"elementor-element elementor-element-38b9ec6d e-con-full e-flex e-con e-parent\" data-id=\"38b9ec6d\" data-element_type=\"container\" data-settings=\"{&quot;background_background&quot;:&quot;classic&quot;}\">\n\t\t\t\t<\/div>\n\t\t<div class=\"elementor-element elementor-element-7de8775e bloques e-con-full e-flex e-con e-parent\" data-id=\"7de8775e\" data-element_type=\"container\">\n\t\t\t\t<div class=\"elementor-element elementor-element-558e88f3 elementor-widget-tablet__width-inherit elementor-widget__width-initial elementor-invisible elementor-widget elementor-widget-heading\" data-id=\"558e88f3\" data-element_type=\"widget\" data-settings=\"{&quot;_animation&quot;:&quot;fadeInUp&quot;}\" data-widget_type=\"heading.default\">\n\t\t\t\t<div class=\"elementor-widget-container\">\n\t\t\t\t\t<h2 class=\"elementor-heading-title elementor-size-default\">Your reliable workshop in Valencia<\/h2>\t\t\t\t<\/div>\n\t\t\t\t<\/div>\n\t\t\t\t<div class=\"elementor-element elementor-element-2508b7f3 elementor-widget__width-initial elementor-invisible elementor-widget elementor-widget-text-editor\" data-id=\"2508b7f3\" data-element_type=\"widget\" data-settings=\"{&quot;_animation&quot;:&quot;fadeInUp&quot;}\" data-widget_type=\"text-editor.default\">\n\t\t\t\t<div class=\"elementor-widget-container\">\n\t\t\t\t\t\t\t\t\t<p>We offer a reliable service to keep your vehicle in top condition. With advanced technology and quality spare parts, we ensure effective and long-lasting solutions. Trust us to take care of your car and drive without worries.<\/p>\t\t\t\t\t\t\t\t<\/div>\n\t\t\t\t<\/div>\n\t\t\t\t<\/div>\n\t\t<div class=\"elementor-element elementor-element-63c28613 bloques e-con-full e-flex e-con e-parent\" data-id=\"63c28613\" data-element_type=\"container\">\n\t\t<div class=\"elementor-element elementor-element-324d7252 e-con-full e-flex e-con e-child\" data-id=\"324d7252\" data-element_type=\"container\" data-settings=\"{&quot;background_background&quot;:&quot;classic&quot;}\">\n\t\t\t\t<\/div>\n\t\t<div class=\"elementor-element elementor-element-5c5317e7 e-con-full e-flex e-con e-child\" data-id=\"5c5317e7\" data-element_type=\"container\" data-settings=\"{&quot;background_background&quot;:&quot;classic&quot;}\">\n\t\t\t\t<div class=\"elementor-element elementor-element-4cc5bc0 elementor-invisible elementor-widget elementor-widget-heading\" data-id=\"4cc5bc0\" data-element_type=\"widget\" data-settings=\"{&quot;_animation&quot;:&quot;fadeIn&quot;}\" data-widget_type=\"heading.default\">\n\t\t\t\t<div class=\"elementor-widget-container\">\n\t\t\t\t\t<p class=\"elementor-heading-title elementor-size-default\">Our workshops<\/p>\t\t\t\t<\/div>\n\t\t\t\t<\/div>\n\t\t\t\t<div class=\"elementor-element elementor-element-54ff825e elementor-widget-divider--view-line elementor-widget elementor-widget-divider\" data-id=\"54ff825e\" data-element_type=\"widget\" data-widget_type=\"divider.default\">\n\t\t\t\t<div class=\"elementor-widget-container\">\n\t\t\t\t\t\t\t<div class=\"elementor-divider\">\n\t\t\t<span class=\"elementor-divider-separator\">\n\t\t\t\t\t\t<\/span>\n\t\t<\/div>\n\t\t\t\t\t\t<\/div>\n\t\t\t\t<\/div>\n\t\t\t\t<div class=\"elementor-element elementor-element-389aa060 elementor-invisible elementor-widget elementor-widget-text-editor\" data-id=\"389aa060\" data-element_type=\"widget\" data-settings=\"{&quot;_animation&quot;:&quot;fadeInUp&quot;}\" data-widget_type=\"text-editor.default\">\n\t\t\t\t<div class=\"elementor-widget-container\">\n\t\t\t\t\t\t\t\t\t<p>Our workshops offer fast and personalised attention, reducing waiting times and ensuring that your vehicle is back on the road soon, always with quality and satisfaction guaranteed.<\/p>\t\t\t\t\t\t\t\t<\/div>\n\t\t\t\t<\/div>\n\t\t\t\t<\/div>\n\t\t\t\t<\/div>\n\t\t<div class=\"elementor-element elementor-element-126ca4d bloques e-con-full e-flex e-con e-parent\" data-id=\"126ca4d\" data-element_type=\"container\">\n\t\t<div class=\"elementor-element elementor-element-2caf1c9 e-con-full e-flex e-con e-child\" data-id=\"2caf1c9\" data-element_type=\"container\" data-settings=\"{&quot;background_background&quot;:&quot;classic&quot;}\">\n\t\t\t\t<div class=\"elementor-element elementor-element-53c8b81 elementor-invisible elementor-widget elementor-widget-heading\" data-id=\"53c8b81\" data-element_type=\"widget\" data-settings=\"{&quot;_animation&quot;:&quot;fadeIn&quot;}\" data-widget_type=\"heading.default\">\n\t\t\t\t<div class=\"elementor-widget-container\">\n\t\t\t\t\t<p class=\"elementor-heading-title elementor-size-default\">SET Assistance workshop rates<\/p>\t\t\t\t<\/div>\n\t\t\t\t<\/div>\n\t\t\t\t<div class=\"elementor-element elementor-element-3b59068 elementor-widget-divider--view-line elementor-widget elementor-widget-divider\" data-id=\"3b59068\" data-element_type=\"widget\" data-widget_type=\"divider.default\">\n\t\t\t\t<div class=\"elementor-widget-container\">\n\t\t\t\t\t\t\t<div class=\"elementor-divider\">\n\t\t\t<span class=\"elementor-divider-separator\">\n\t\t\t\t\t\t<\/span>\n\t\t<\/div>\n\t\t\t\t\t\t<\/div>\n\t\t\t\t<\/div>\n\t\t<div class=\"elementor-element elementor-element-b35ba65 e-grid e-con-full e-con e-child\" data-id=\"b35ba65\" data-element_type=\"container\">\n\t\t\t\t<div class=\"elementor-element elementor-element-1617f1b elementor-widget elementor-widget-text-editor\" data-id=\"1617f1b\" data-element_type=\"widget\" data-widget_type=\"text-editor.default\">\n\t\t\t\t<div class=\"elementor-widget-container\">\n\t\t\t\t\t\t\t\t\t<p>KMS One way + Return<\/p>\t\t\t\t\t\t\t\t<\/div>\n\t\t\t\t<\/div>\n\t\t\t\t<div class=\"elementor-element elementor-element-5e73359 elementor-widget elementor-widget-text-editor\" data-id=\"5e73359\" data-element_type=\"widget\" data-widget_type=\"text-editor.default\">\n\t\t\t\t<div class=\"elementor-widget-container\">\n\t\t\t\t\t\t\t\t\t<p>Workshop van<\/p>\t\t\t\t\t\t\t\t<\/div>\n\t\t\t\t<\/div>\n\t\t\t\t<\/div>\n\t\t<div class=\"elementor-element elementor-element-0d7d0fe e-con-full e-flex e-con e-child\" data-id=\"0d7d0fe\" data-element_type=\"container\">\n\t\t<div class=\"elementor-element elementor-element-0ad8f97 e-con-full e-flex e-con e-child\" data-id=\"0ad8f97\" data-element_type=\"container\" data-settings=\"{&quot;background_background&quot;:&quot;classic&quot;}\">\n\t\t\t\t<div class=\"elementor-element elementor-element-f8fd7d4 elementor-widget elementor-widget-text-editor\" data-id=\"f8fd7d4\" data-element_type=\"widget\" data-widget_type=\"text-editor.default\">\n\t\t\t\t<div class=\"elementor-widget-container\">\n\t\t\t\t\t\t\t\t\t<p>0-50 KMS<\/p>\t\t\t\t\t\t\t\t<\/div>\n\t\t\t\t<\/div>\n\t\t\t\t<div class=\"elementor-element elementor-element-f257ff9 elementor-widget elementor-widget-text-editor\" data-id=\"f257ff9\" data-element_type=\"widget\" data-widget_type=\"text-editor.default\">\n\t\t\t\t<div class=\"elementor-widget-container\">\n\t\t\t\t\t\t\t\t\t<p>160\u20ac<\/p>\t\t\t\t\t\t\t\t<\/div>\n\t\t\t\t<\/div>\n\t\t\t\t<\/div>\n\t\t<div class=\"elementor-element elementor-element-af8d503 e-con-full e-flex e-con e-child\" data-id=\"af8d503\" data-element_type=\"container\" data-settings=\"{&quot;background_background&quot;:&quot;classic&quot;}\">\n\t\t\t\t<div class=\"elementor-element elementor-element-a183906 elementor-widget elementor-widget-text-editor\" data-id=\"a183906\" data-element_type=\"widget\" data-widget_type=\"text-editor.default\">\n\t\t\t\t<div class=\"elementor-widget-container\">\n\t\t\t\t\t\t\t\t\t<p>51-100 KMS<\/p>\t\t\t\t\t\t\t\t<\/div>\n\t\t\t\t<\/div>\n\t\t\t\t<div class=\"elementor-element elementor-element-f460a7f elementor-widget elementor-widget-text-editor\" data-id=\"f460a7f\" data-element_type=\"widget\" data-widget_type=\"text-editor.default\">\n\t\t\t\t<div class=\"elementor-widget-container\">\n\t\t\t\t\t\t\t\t\t<p>185\u20ac<\/p>\t\t\t\t\t\t\t\t<\/div>\n\t\t\t\t<\/div>\n\t\t\t\t<\/div>\n\t\t<div class=\"elementor-element elementor-element-3d05ee2 e-con-full e-flex e-con e-child\" data-id=\"3d05ee2\" data-element_type=\"container\" data-settings=\"{&quot;background_background&quot;:&quot;classic&quot;}\">\n\t\t\t\t<div class=\"elementor-element elementor-element-09fe913 elementor-widget elementor-widget-text-editor\" data-id=\"09fe913\" data-element_type=\"widget\" data-widget_type=\"text-editor.default\">\n\t\t\t\t<div class=\"elementor-widget-container\">\n\t\t\t\t\t\t\t\t\t<p>101-150 KMS<\/p>\t\t\t\t\t\t\t\t<\/div>\n\t\t\t\t<\/div>\n\t\t\t\t<div class=\"elementor-element elementor-element-3668320 elementor-widget elementor-widget-text-editor\" data-id=\"3668320\" data-element_type=\"widget\" data-widget_type=\"text-editor.default\">\n\t\t\t\t<div class=\"elementor-widget-container\">\n\t\t\t\t\t\t\t\t\t<p>210\u20ac<\/p>\t\t\t\t\t\t\t\t<\/div>\n\t\t\t\t<\/div>\n\t\t\t\t<\/div>\n\t\t<div class=\"elementor-element elementor-element-e177595 e-con-full e-flex e-con e-child\" data-id=\"e177595\" data-element_type=\"container\" data-settings=\"{&quot;background_background&quot;:&quot;classic&quot;}\">\n\t\t\t\t<div class=\"elementor-element elementor-element-498927a elementor-widget elementor-widget-text-editor\" data-id=\"498927a\" data-element_type=\"widget\" data-widget_type=\"text-editor.default\">\n\t\t\t\t<div class=\"elementor-widget-container\">\n\t\t\t\t\t\t\t\t\t<p>151-200 KMS<\/p>\t\t\t\t\t\t\t\t<\/div>\n\t\t\t\t<\/div>\n\t\t\t\t<div class=\"elementor-element elementor-element-cae814c elementor-widget elementor-widget-text-editor\" data-id=\"cae814c\" data-element_type=\"widget\" data-widget_type=\"text-editor.default\">\n\t\t\t\t<div class=\"elementor-widget-container\">\n\t\t\t\t\t\t\t\t\t<p>240\u20ac<\/p>\t\t\t\t\t\t\t\t<\/div>\n\t\t\t\t<\/div>\n\t\t\t\t<\/div>\n\t\t<div class=\"elementor-element elementor-element-03b235b e-con-full e-flex e-con e-child\" data-id=\"03b235b\" data-element_type=\"container\" data-settings=\"{&quot;background_background&quot;:&quot;classic&quot;}\">\n\t\t\t\t<div class=\"elementor-element elementor-element-5a664c9 elementor-widget elementor-widget-text-editor\" data-id=\"5a664c9\" data-element_type=\"widget\" data-widget_type=\"text-editor.default\">\n\t\t\t\t<div class=\"elementor-widget-container\">\n\t\t\t\t\t\t\t\t\t<p>201-250 KMS<\/p>\t\t\t\t\t\t\t\t<\/div>\n\t\t\t\t<\/div>\n\t\t\t\t<div class=\"elementor-element elementor-element-b08bd7d elementor-widget elementor-widget-text-editor\" data-id=\"b08bd7d\" data-element_type=\"widget\" data-widget_type=\"text-editor.default\">\n\t\t\t\t<div class=\"elementor-widget-container\">\n\t\t\t\t\t\t\t\t\t<p>270\u20ac<\/p>\t\t\t\t\t\t\t\t<\/div>\n\t\t\t\t<\/div>\n\t\t\t\t<\/div>\n\t\t<div class=\"elementor-element elementor-element-82376a7 e-con-full e-flex e-con e-child\" data-id=\"82376a7\" data-element_type=\"container\" data-settings=\"{&quot;background_background&quot;:&quot;classic&quot;}\">\n\t\t\t\t<div class=\"elementor-element elementor-element-456cc59 elementor-widget-mobile__width-initial elementor-widget elementor-widget-text-editor\" data-id=\"456cc59\" data-element_type=\"widget\" data-widget_type=\"text-editor.default\">\n\t\t\t\t<div class=\"elementor-widget-container\">\n\t\t\t\t\t\t\t\t\t<p>Labour from 2nd hour<\/p>\t\t\t\t\t\t\t\t<\/div>\n\t\t\t\t<\/div>\n\t\t\t\t<div class=\"elementor-element elementor-element-c1f90a0 elementor-widget elementor-widget-text-editor\" data-id=\"c1f90a0\" data-element_type=\"widget\" data-widget_type=\"text-editor.default\">\n\t\t\t\t<div class=\"elementor-widget-container\">\n\t\t\t\t\t\t\t\t\t<p>50\u20ac \/ Hour<\/p>\t\t\t\t\t\t\t\t<\/div>\n\t\t\t\t<\/div>\n\t\t\t\t<\/div>\n\t\t<div class=\"elementor-element elementor-element-7ca36fc e-con-full e-flex e-con e-child\" data-id=\"7ca36fc\" data-element_type=\"container\" data-settings=\"{&quot;background_background&quot;:&quot;classic&quot;}\">\n\t\t\t\t<div class=\"elementor-element elementor-element-5f9af0f elementor-widget-mobile__width-initial elementor-widget elementor-widget-text-editor\" data-id=\"5f9af0f\" data-element_type=\"widget\" data-widget_type=\"text-editor.default\">\n\t\t\t\t<div class=\"elementor-widget-container\">\n\t\t\t\t\t\t\t\t\t<p><strong>Working days:<\/strong> Monday to Friday from 08:00 to 18:00h<\/p>\t\t\t\t\t\t\t\t<\/div>\n\t\t\t\t<\/div>\n\t\t\t\t<div class=\"elementor-element elementor-element-a2dc590 elementor-widget elementor-widget-text-editor\" data-id=\"a2dc590\" data-element_type=\"widget\" data-widget_type=\"text-editor.default\">\n\t\t\t\t<div class=\"elementor-widget-container\">\n\t\t\t\t\t\t\t\t\t<p>50\u20ac \/ Hour<\/p>\t\t\t\t\t\t\t\t<\/div>\n\t\t\t\t<\/div>\n\t\t\t\t<\/div>\n\t\t<div class=\"elementor-element elementor-element-c6c6998 e-con-full e-flex e-con e-child\" data-id=\"c6c6998\" data-element_type=\"container\" data-settings=\"{&quot;background_background&quot;:&quot;classic&quot;}\">\n\t\t\t\t<div class=\"elementor-element elementor-element-93694de elementor-widget-mobile__width-initial elementor-widget elementor-widget-text-editor\" data-id=\"93694de\" data-element_type=\"widget\" data-widget_type=\"text-editor.default\">\n\t\t\t\t<div class=\"elementor-widget-container\">\n\t\t\t\t\t\t\t\t\t<p><strong>Night working days:<\/strong> from Monday to Friday from 22:00 to 06:00h<\/p>\t\t\t\t\t\t\t\t<\/div>\n\t\t\t\t<\/div>\n\t\t\t\t<div class=\"elementor-element elementor-element-e860388 elementor-widget elementor-widget-text-editor\" data-id=\"e860388\" data-element_type=\"widget\" data-widget_type=\"text-editor.default\">\n\t\t\t\t<div class=\"elementor-widget-container\">\n\t\t\t\t\t\t\t\t\t<p>70\u20ac \/ Hour<\/p>\t\t\t\t\t\t\t\t<\/div>\n\t\t\t\t<\/div>\n\t\t\t\t<\/div>\n\t\t<div class=\"elementor-element elementor-element-83da6f4 e-con-full e-flex e-con e-child\" data-id=\"83da6f4\" data-element_type=\"container\" data-settings=\"{&quot;background_background&quot;:&quot;classic&quot;}\">\n\t\t\t\t<div class=\"elementor-element elementor-element-3db4eae elementor-widget-mobile__width-initial elementor-widget elementor-widget-text-editor\" data-id=\"3db4eae\" data-element_type=\"widget\" data-widget_type=\"text-editor.default\">\n\t\t\t\t<div class=\"elementor-widget-container\">\n\t\t\t\t\t\t\t\t\t<p><strong>Saturdays and public holidays:<\/strong> From 06:00 to 22:00h<\/p>\t\t\t\t\t\t\t\t<\/div>\n\t\t\t\t<\/div>\n\t\t\t\t<div class=\"elementor-element elementor-element-faf0848 elementor-widget elementor-widget-text-editor\" data-id=\"faf0848\" data-element_type=\"widget\" data-widget_type=\"text-editor.default\">\n\t\t\t\t<div class=\"elementor-widget-container\">\n\t\t\t\t\t\t\t\t\t<p>80\u20ac \/ Hour<\/p>\t\t\t\t\t\t\t\t<\/div>\n\t\t\t\t<\/div>\n\t\t\t\t<\/div>\n\t\t<div class=\"elementor-element elementor-element-49b7811 e-con-full e-flex e-con e-child\" data-id=\"49b7811\" data-element_type=\"container\" data-settings=\"{&quot;background_background&quot;:&quot;classic&quot;}\">\n\t\t\t\t<div class=\"elementor-element elementor-element-183086d elementor-widget-mobile__width-initial elementor-widget elementor-widget-text-editor\" data-id=\"183086d\" data-element_type=\"widget\" data-widget_type=\"text-editor.default\">\n\t\t\t\t<div class=\"elementor-widget-container\">\n\t\t\t\t\t\t\t\t\t<p><strong>Saturdays and public holidays Nocturnes:<\/strong> From 22:00 to 06:00h<\/p>\t\t\t\t\t\t\t\t<\/div>\n\t\t\t\t<\/div>\n\t\t\t\t<div class=\"elementor-element elementor-element-4fed643 elementor-widget elementor-widget-text-editor\" data-id=\"4fed643\" data-element_type=\"widget\" data-widget_type=\"text-editor.default\">\n\t\t\t\t<div class=\"elementor-widget-container\">\n\t\t\t\t\t\t\t\t\t<p>120\u20ac \/ Hour<\/p>\t\t\t\t\t\t\t\t<\/div>\n\t\t\t\t<\/div>\n\t\t\t\t<\/div>\n\t\t\t\t<\/div>\n\t\t<div class=\"elementor-element elementor-element-fe980b2 e-grid e-con-full e-con e-child\" data-id=\"fe980b2\" data-element_type=\"container\">\n\t\t\t\t<div class=\"elementor-element elementor-element-f6a8a45 elementor-widget elementor-widget-text-editor\" data-id=\"f6a8a45\" data-element_type=\"widget\" data-widget_type=\"text-editor.default\">\n\t\t\t\t<div class=\"elementor-widget-container\">\n\t\t\t\t\t\t\t\t\t<p>Material costs will always be charged separately.<\/p>\t\t\t\t\t\t\t\t<\/div>\n\t\t\t\t<\/div>\n\t\t\t\t<\/div>\n\t\t\t\t<\/div>\n\t\t\t\t<\/div>\n\t\t\t\t<\/div>","protected":false},"excerpt":{"rendered":"<p>Your trusted workshop in Valencia We offer a reliable service to keep your vehicle in optimal conditions. With advanced technology and quality spare parts, we ensure effective and lasting solutions. Trust us to take care of your car and drive without worries. Our workshops Our workshops offer fast and personalised attention, reducing waiting times and ensuring the best possible [...]<\/p>","protected":false},"author":1,"featured_media":0,"parent":0,"menu_order":0,"comment_status":"closed","ping_status":"closed","template":"","meta":{"_acf_changed":false,"footnotes":""},"class_list":["post-356","page","type-page","status-publish","hentry"],"yoast_head":"<!-- This site is optimized with the Yoast SEO plugin v25.0 - https:\/\/yoast.com\/wordpress\/plugins\/seo\/ -->\n<title>SET Assistance | Tu taller de confianza en Valencia<\/title>\n<meta name=\"description\" content=\"Reparaci\u00f3n de veh\u00edculos, revisiones, mantenimientos, neum\u00e1ticos y m\u00e1s. Servicio r\u00e1pido y profesional.\" \/>\n<meta name=\"robots\" content=\"index, follow, max-snippet:-1, max-image-preview:large, max-video-preview:-1\" \/>\n<link rel=\"canonical\" href=\"https:\/\/setassistance.com\/en\/talleres\/\" \/>\n<meta property=\"og:locale\" content=\"en_GB\" \/>\n<meta property=\"og:type\" content=\"article\" \/>\n<meta property=\"og:title\" content=\"SET Assistance | Tu taller de confianza en Valencia\" \/>\n<meta property=\"og:description\" content=\"Reparaci\u00f3n de veh\u00edculos, revisiones, mantenimientos, neum\u00e1ticos y m\u00e1s. Servicio r\u00e1pido y profesional.\" \/>\n<meta property=\"og:url\" content=\"https:\/\/setassistance.com\/en\/talleres\/\" \/>\n<meta property=\"og:site_name\" content=\"SE7 Assistance\" \/>\n<meta property=\"article:modified_time\" content=\"2025-05-19T10:08:40+00:00\" \/>\n<meta name=\"twitter:card\" content=\"summary_large_image\" \/>\n<meta name=\"twitter:label1\" content=\"Estimated reading time\" \/>\n\t<meta name=\"twitter:data1\" content=\"1 minute\" \/>\n<script type=\"application\/ld+json\" class=\"yoast-schema-graph\">{\"@context\":\"https:\/\/schema.org\",\"@graph\":[{\"@type\":\"WebPage\",\"@id\":\"https:\/\/setassistance.com\/talleres\/\",\"url\":\"https:\/\/setassistance.com\/talleres\/\",\"name\":\"SET Assistance | Tu taller de confianza en Valencia\",\"isPartOf\":{\"@id\":\"https:\/\/setassistance.com\/#website\"},\"datePublished\":\"2024-12-14T09:30:33+00:00\",\"dateModified\":\"2025-05-19T10:08:40+00:00\",\"description\":\"Reparaci\u00f3n de veh\u00edculos, revisiones, mantenimientos, neum\u00e1ticos y m\u00e1s. Servicio r\u00e1pido y profesional.\",\"breadcrumb\":{\"@id\":\"https:\/\/setassistance.com\/talleres\/#breadcrumb\"},\"inLanguage\":\"en-GB\",\"potentialAction\":[{\"@type\":\"ReadAction\",\"target\":[\"https:\/\/setassistance.com\/talleres\/\"]}]},{\"@type\":\"BreadcrumbList\",\"@id\":\"https:\/\/setassistance.com\/talleres\/#breadcrumb\",\"itemListElement\":[{\"@type\":\"ListItem\",\"position\":1,\"name\":\"Portada\",\"item\":\"https:\/\/setassistance.com\/\"},{\"@type\":\"ListItem\",\"position\":2,\"name\":\"Talleres\"}]},{\"@type\":\"WebSite\",\"@id\":\"https:\/\/setassistance.com\/#website\",\"url\":\"https:\/\/setassistance.com\/\",\"name\":\"SE7 Assistance\",\"description\":\"\",\"publisher\":{\"@id\":\"https:\/\/setassistance.com\/#organization\"},\"potentialAction\":[{\"@type\":\"SearchAction\",\"target\":{\"@type\":\"EntryPoint\",\"urlTemplate\":\"https:\/\/setassistance.com\/?s={search_term_string}\"},\"query-input\":{\"@type\":\"PropertyValueSpecification\",\"valueRequired\":true,\"valueName\":\"search_term_string\"}}],\"inLanguage\":\"en-GB\"},{\"@type\":\"Organization\",\"@id\":\"https:\/\/setassistance.com\/#organization\",\"name\":\"SE7 Assistance\",\"url\":\"https:\/\/setassistance.com\/\",\"logo\":{\"@type\":\"ImageObject\",\"inLanguage\":\"en-GB\",\"@id\":\"https:\/\/setassistance.com\/#\/schema\/logo\/image\/\",\"url\":\"https:\/\/setassistance.com\/wp-content\/uploads\/2024\/12\/set-assistance-v2.svg\",\"contentUrl\":\"https:\/\/setassistance.com\/wp-content\/uploads\/2024\/12\/set-assistance-v2.svg\",\"width\":136,\"height\":83,\"caption\":\"SE7 Assistance\"},\"image\":{\"@id\":\"https:\/\/setassistance.com\/#\/schema\/logo\/image\/\"}}]}<\/script>\n<!-- \/ Yoast SEO plugin. -->","yoast_head_json":{"title":"SET Assistance | Tu taller de confianza en Valencia","description":"Reparaci\u00f3n de veh\u00edculos, revisiones, mantenimientos, neum\u00e1ticos y m\u00e1s. Servicio r\u00e1pido y profesional.","robots":{"index":"index","follow":"follow","max-snippet":"max-snippet:-1","max-image-preview":"max-image-preview:large","max-video-preview":"max-video-preview:-1"},"canonical":"https:\/\/setassistance.com\/en\/talleres\/","og_locale":"en_GB","og_type":"article","og_title":"SET Assistance | Tu taller de confianza en Valencia","og_description":"Reparaci\u00f3n de veh\u00edculos, revisiones, mantenimientos, neum\u00e1ticos y m\u00e1s. Servicio r\u00e1pido y profesional.","og_url":"https:\/\/setassistance.com\/en\/talleres\/","og_site_name":"SE7 Assistance","article_modified_time":"2025-05-19T10:08:40+00:00","twitter_card":"summary_large_image","twitter_misc":{"Estimated reading time":"1 minute"},"schema":{"@context":"https:\/\/schema.org","@graph":[{"@type":"WebPage","@id":"https:\/\/setassistance.com\/talleres\/","url":"https:\/\/setassistance.com\/talleres\/","name":"SET Assistance | Tu taller de confianza en Valencia","isPartOf":{"@id":"https:\/\/setassistance.com\/#website"},"datePublished":"2024-12-14T09:30:33+00:00","dateModified":"2025-05-19T10:08:40+00:00","description":"Reparaci\u00f3n de veh\u00edculos, revisiones, mantenimientos, neum\u00e1ticos y m\u00e1s. Servicio r\u00e1pido y profesional.","breadcrumb":{"@id":"https:\/\/setassistance.com\/talleres\/#breadcrumb"},"inLanguage":"en-GB","potentialAction":[{"@type":"ReadAction","target":["https:\/\/setassistance.com\/talleres\/"]}]},{"@type":"BreadcrumbList","@id":"https:\/\/setassistance.com\/talleres\/#breadcrumb","itemListElement":[{"@type":"ListItem","position":1,"name":"Portada","item":"https:\/\/setassistance.com\/"},{"@type":"ListItem","position":2,"name":"Talleres"}]},{"@type":"WebSite","@id":"https:\/\/setassistance.com\/#website","url":"https:\/\/setassistance.com\/","name":"SE7 Assistance","description":"","publisher":{"@id":"https:\/\/setassistance.com\/#organization"},"potentialAction":[{"@type":"SearchAction","target":{"@type":"EntryPoint","urlTemplate":"https:\/\/setassistance.com\/?s={search_term_string}"},"query-input":{"@type":"PropertyValueSpecification","valueRequired":true,"valueName":"search_term_string"}}],"inLanguage":"en-GB"},{"@type":"Organization","@id":"https:\/\/setassistance.com\/#organization","name":"SE7 Assistance","url":"https:\/\/setassistance.com\/","logo":{"@type":"ImageObject","inLanguage":"en-GB","@id":"https:\/\/setassistance.com\/#\/schema\/logo\/image\/","url":"https:\/\/setassistance.com\/wp-content\/uploads\/2024\/12\/set-assistance-v2.svg","contentUrl":"https:\/\/setassistance.com\/wp-content\/uploads\/2024\/12\/set-assistance-v2.svg","width":136,"height":83,"caption":"SE7 Assistance"},"image":{"@id":"https:\/\/setassistance.com\/#\/schema\/logo\/image\/"}}]}},"acf":[],"_links":{"self":[{"href":"https:\/\/setassistance.com\/en\/wp-json\/wp\/v2\/pages\/356","targetHints":{"allow":["GET"]}}],"collection":[{"href":"https:\/\/setassistance.com\/en\/wp-json\/wp\/v2\/pages"}],"about":[{"href":"https:\/\/setassistance.com\/en\/wp-json\/wp\/v2\/types\/page"}],"author":[{"embeddable":true,"href":"https:\/\/setassistance.com\/en\/wp-json\/wp\/v2\/users\/1"}],"replies":[{"embeddable":true,"href":"https:\/\/setassistance.com\/en\/wp-json\/wp\/v2\/comments?post=356"}],"version-history":[{"count":59,"href":"https:\/\/setassistance.com\/en\/wp-json\/wp\/v2\/pages\/356\/revisions"}],"predecessor-version":[{"id":783,"href":"https:\/\/setassistance.com\/en\/wp-json\/wp\/v2\/pages\/356\/revisions\/783"}],"wp:attachment":[{"href":"https:\/\/setassistance.com\/en\/wp-json\/wp\/v2\/media?parent=356"}],"curies":[{"name":"wp","href":"https:\/\/api.w.org\/{rel}","templated":true}]}}